{"id":350,"date":"2021-11-02T13:26:04","date_gmt":"2021-11-02T12:26:04","guid":{"rendered":"https:\/\/sisticat.cat\/aviso-legal\/"},"modified":"2021-11-02T13:26:06","modified_gmt":"2021-11-02T12:26:06","slug":"aviso-legal","status":"publish","type":"page","link":"https:\/\/sisticat.cat\/es\/aviso-legal\/","title":{"rendered":"Aviso legal"},"content":{"rendered":"\t\t<div data-elementor-type=\"wp-page\" data-elementor-id=\"350\" class=\"elementor elementor-350 elementor-97\" data-elementor-post-type=\"page\">\n\t\t\t\t\t\t<section class=\"elementor-section elementor-top-section elementor-element elementor-element-7f224b2 elementor-section-boxed elementor-section-height-default elementor-section-height-default\" data-id=\"7f224b2\" data-element_type=\"section\">\n\t\t\t\t\t\t<div class=\"elementor-container elementor-column-gap-default\">\n\t\t\t\t\t<div class=\"elementor-column elementor-col-100 elementor-top-column elementor-element elementor-element-24979ce3\" data-id=\"24979ce3\" data-element_type=\"column\">\n\t\t\t<div class=\"elementor-widget-wrap elementor-element-populated\">\n\t\t\t\t\t\t<div class=\"elementor-element elementor-element-4347b18 elementor-widget elementor-widget-heading\" data-id=\"4347b18\" data-element_type=\"widget\" data-widget_type=\"heading.default\">\n\t\t\t\t<div class=\"elementor-widget-container\">\n\t\t\t\t\t<h2 class=\"elementor-heading-title elementor-size-default\">Aviso legal<\/h2>\t\t\t\t<\/div>\n\t\t\t\t<\/div>\n\t\t\t\t<div class=\"elementor-element elementor-element-2f6ac2c elementor-widget elementor-widget-text-editor\" data-id=\"2f6ac2c\" data-element_type=\"widget\" data-widget_type=\"text-editor.default\">\n\t\t\t\t<div class=\"elementor-widget-container\">\n\t\t\t\t\t\t\t\t\t<p><\/p>\n<p>Amb la finalitat d\u2019acomplir a l\u2019article 10 de la Llei 34\/2002 de Serveis de la Societat de la Informaci\u00f3 i del Comer\u00e7 Electr\u00f2nic, informem els usuaris de les nostres dades:<\/p>\n<p><\/p>\n<p><\/p>\n<ul>\n<li>Denominaci\u00f3 Social: TECNOLOGIA I DESENVOLUPAMENT DE SISTEMES S.L.<\/li>\n<li>Domicili Social: C\/ Sant Joan 28 Baixos, 08301 Matar\u00f3, (Barcelona)<\/li>\n<li>NIF: B66583998<\/li>\n<li>Tel\u00e8fon: 937550859<\/li>\n<li>E-Mail: INFO@SISTICAT.CAT<\/li>\n<li>Lloc Web: WWW.SISTICAT.CAT<\/li>\n<li>Dades Registrals: [INCLUIR DADES CLIENT]<\/li>\n<\/ul>\n<p><\/p>\n<p><\/p>\n<h2>1.- OBJECTE<\/h2>\n<p><\/p>\n<p><\/p>\n<p>TECNOLOGIA I DESENVOLUPAMENT DE SISTEMES S.L. (en endavant tamb\u00e9 el prestador) com a<\/p>\n<p><\/p>\n<p><\/p>\n<p>responsable del lloc web, posa a disposici\u00f3 dels usuaris el present document que regula l\u2019\u00fas del lloc web WWW.SISTICAT.CAT,amb el que pretenem donar compliment a les obligacions que disposa la Llei 34\/2002, de Serveis de la Societat de la Informaci\u00f3 i del Comer\u00e7 Electr\u00f2nic (LSSICE o LSSI), aix\u00ed com informar a tots els usuaris del lloc web respecte de quines s\u00f3n les condicions d\u2019\u00fas del lloc web.<\/p>\n<p><\/p>\n<p><\/p>\n<p>A trav\u00e9s de la Web, TECNOLOGIA I DESENVOLUPAMENT DE SISTEMES S.L. facilita als usuaris l\u2019acc\u00e9s i la utilitzaci\u00f3 de diferents serveis i continguts posats a disposici\u00f3 a trav\u00e9s de la web.<\/p>\n<p><\/p>\n<p><\/p>\n<p>Tota persona que accedeixi en aquesta web assumeix el paper d\u2019usuari (en endavant usuari), i implica l\u2019acceptaci\u00f3 total i sense reserves de totes i cadascuna de les disposicions incloses en aquest av\u00eds legal, aix\u00ed com a qualsevol altra disposici\u00f3 legal que sigui d\u2019aplicaci\u00f3.<\/p>\n<p><\/p>\n<p><\/p>\n<p>Com a usuaris, han de llegir atentament aquest Av\u00eds Legal en qualsevol de les ocasions que entrin a la web, doncs aquesta pot sofrir modificacions ja que el prestador es reserva el dret a modificar qualsevol tipus d\u2019informaci\u00f3 que pugui apar\u00e8ixer en la web, sense que existeixi l\u2019obligaci\u00f3 de preav\u00eds o posar en coneixement dels usuaris aquestes obligacions, sent suficients la publicaci\u00f3 en la p\u00e0gina web del prestador.<\/p>\n<p><\/p>\n<p><\/p>\n<h2>2. CONDICIONS D\u2019ACC\u00c9S I \u00daS DE LA WEB.<\/h2>\n<p><\/p>\n<p><\/p>\n<h3>2.1. Car\u00e0cter gratu\u00eft de l\u2019acc\u00e9s i \u00fas de la web.<\/h3>\n<p><\/p>\n<p><\/p>\n<p>La prestaci\u00f3 dels serveis per part de TECNOLOGIA I DESENVOLUPAMENT DE SISTEMES S.L. t\u00e9 car\u00e0cter gratu\u00eft per a tots els usuaris. Malgrat aix\u00f2, alguns dels serveis subministrats pel prestador a trav\u00e9s de la web estan subjectes al pagament d\u2019un preu determinat a les condicions generals de contractaci\u00f3.<\/p>\n<p><\/p>\n<p><\/p>\n<h3>2.2. Registre d\u2019Usuaris.<\/h3>\n<p><\/p>\n<p><\/p>\n<p>Amb car\u00e0cter general la prestaci\u00f3 dels serveis no exigeix la pr\u00e8via subscripci\u00f3 o registre dels usuaris. Tot i aix\u00f2, TECNOLOGIA I DESENVOLUPAMENT DE SISTEMES S.L. condiciona l\u2019\u00fas d\u2019alguns dels serveis a la pr\u00e8via complementaci\u00f3 del corresponent registre d\u2019usuari. Aquest registre s\u2019efectuar\u00e0 en la forma expressament indicada en la pr\u00f2pia secci\u00f3 del servei.<\/p>\n<p><\/p>\n<p><\/p>\n<h3>2.3. Veracitat de la informaci\u00f3.<\/h3>\n<p><\/p>\n<p><\/p>\n<p>Tota la informaci\u00f3 que facilita l\u2019usuari ha de ser certa. A aquests efectes, l\u2019usuari garanteix l\u2019autenticitat de les dades comunicades a trav\u00e9s dels formularis per a la subscripci\u00f3 dels serveis. Ser\u00e0 responsabilitat de l\u2019usuari mantenir tota la informaci\u00f3 facilitada a TECNOLOGIA I DESENVOLUPAMENT DE SISTEMES S.L. permanentment actualitzada de forma que respongui, en cada moment, a la seva situaci\u00f3 real. En tot cas, l\u2019usuari ser\u00e0 l\u2019\u00fanic responsable de les manifestacions falses o inexactes que realitzi i dels perjudicis que causi al prestador o a tercers.<\/p>\n<p><\/p>\n<p><\/p>\n<h3>2.4. Menors d\u2019edat.<\/h3>\n<p><\/p>\n<p><\/p>\n<p>Per l\u2019\u00fas dels serveis, els menors d\u2019edat han d\u2019obtenir sempre pr\u00e8viament el consentiment dels pares, tutors o representants legals, responsables \u00faltims de tots els actes realitzats pels menors al seu c\u00e0rrec. La responsabilitat en la determinaci\u00f3 de continguts concrets, als quals accedeixen els menors correspon a aquells, \u00e9s per aix\u00f2 que si accedeixen a contingut no apropiats per internet, s\u2019hauran d\u2019establir en els seus ordinadors mecanismes, en particular programes inform\u00e0tics, filtres i bloquejos, que permetin limitar els continguts disponibles i, encara que no siguin infal\u00b7libles, s\u00f3n d\u2019especial utilitat per a controlar i restringir els materials als quals poden accedir els menors.<\/p>\n<p><\/p>\n<p><\/p>\n<h3>2.5. Obligaci\u00f3 de fer un \u00fas correcte de la Web.<\/h3>\n<p><\/p>\n<p><\/p>\n<p>L\u2019usuari es compromet a utilitzar la web de conformitat a la Llei i al present Av\u00eds Legal, aix\u00ed com a la moral i a les bones costums. A tal efecte, l\u2019usuari s\u2019abstindr\u00e0 d\u2019utilitzar la p\u00e0gina amb finalitats il\u00b7l\u00edcites o prohibides, lesives de drets i interessos de tercers, o que de qualsevol forma puguin danyar, inutilitzar, sobrecarregar, deteriorar o impedir la normal utilitzaci\u00f3 d\u2019equips inform\u00e0tics o documents, arxius i tota classe de continguts emmagatzemats en qualsevol equip inform\u00e0tic del prestador.<\/p>\n<p><\/p>\n<p><\/p>\n<p>En particular, i a t\u00edtol indicatiu per\u00f2 no exhaustiu, l\u2019usuari es compromet a no transmetre, difondre o posar a disposici\u00f3 de tercers: informacions, dades, continguts, missatges, gr\u00e0fiques, dibuixos, arxius de so o imatge, fotografies, gravacions, software i, en general, qualsevol classe de material que:<\/p>\n<p><\/p>\n<p><\/p>\n<p>(a) sigui contaria, menyspre\u00ef o atempti contra els drets fonamentals i les llibertats p\u00fabliques reconegudes constitucionalment, en tractats internacionals i altres normes vigents;<\/p>\n<p><\/p>\n<p><\/p>\n<p>(b) indueixi, inciti o promogui actuacions delictives, denigrants, difamat\u00f2ries, violentes o, en general, contr\u00e0ries a la llei, a la moral i a l\u2019ordre p\u00fablic;<\/p>\n<p><\/p>\n<p><\/p>\n<p>(c) indueixi, inciti o promogui actuacions, actituds o pensaments discriminatoris per ra\u00f3 de sexe, ra\u00e7a, religi\u00f3, creences, edat o condici\u00f3;<\/p>\n<p><\/p>\n<p><\/p>\n<p>(d) sigui contrari al dret a l\u2019honor, a la intimitat personal o familiar o a la pr\u00f2pia imatge de les persones;<\/p>\n<p><\/p>\n<p><\/p>\n<p>(e) de qualsevol manera perjudiqui la credibilitat del prestador o de tercers; i<\/p>\n<p><\/p>\n<p><\/p>\n<p>(f) constitueixi publicitat il\u00b7l\u00edcita, enganyosa o deslleial.<\/p>\n<p><\/p>\n<p><\/p>\n<h2>3.- EXCLUSI\u00d3 DE GARANTIES I RESPONSABILITAT<\/h2>\n<p><\/p>\n<p><\/p>\n<p>El prestador s\u2019eximeix de qualsevol tipus de responsabilitat derivada de la informaci\u00f3 publicada en el nostre lloc web, sempre que aquesta informaci\u00f3 hagi sigut manipulada o introdu\u00efda per un tercer ali\u00e8.<\/p>\n<p><\/p>\n<p><\/p>\n<p>Aquesta web ha estat revisada i provada perqu\u00e8 funcioni correctament. En principi, es pot garantir el correcte funcionament els 365 dies de l\u2019any, 24 hores al dia. No obstant, el prestador no descarta la possibilitat que existeixin determinats errors de programaci\u00f3, o que succeeixin causes de for\u00e7a major, cat\u00e0strofes naturals, vagues, o circumst\u00e0ncies semblants que facin impossible l\u2019acc\u00e9s a la p\u00e0gina web.<\/p>\n<p><\/p>\n<p><\/p>\n<p>TECNOLOGIA I DESENVOLUPAMENT DE SISTEMES S.L. no atorga cap garantia ni es fa responsable, en cap cas, dels danys i perjudicis de qualsevol naturalesa que poguessin sortir a col\u00b7laci\u00f3 de la falta de disponibilitat, manteniment i efectiu funcionament de la web o dels seus serveis i continguts; de l\u2019exist\u00e8ncia de virus, programes maliciosos o lesius dels continguts; de l\u2019\u00fas il\u00b7l\u00edcit, negligent, fraudulent o contrari a aquest Av\u00eds Legal i condicions d\u2019\u00fas; o de la falta de licitud, qualitat, fiabilitat, utilitat i disponibilitat dels serveis prestats per tercers a disposici\u00f3 dels usuaris del nostre lloc web.<\/p>\n<p><\/p>\n<p><\/p>\n<p>El prestador no es fa responsable de cap manera dels danys que puguin dimanar de l\u2019\u00fas il\u00b7legal o indegut de la present p\u00e0gina web.<\/p>\n<p><\/p>\n<p><\/p>\n<h2>4.- COOKIES<\/h2>\n<p><\/p>\n<p><\/p>\n<p>El lloc web del prestador pot utilitzar cookies (petits arxius d\u2019informaci\u00f3 que el servidor envia a l\u2019ordinador de qui accedeix a la p\u00e0gina) per portar a terme determinades funcions que s\u00f3n considerades imprescindibles pel bon funcionament i visualitzaci\u00f3 del lloc. Les cookies utilitzades tenen, en tot cas, car\u00e0cter temporal, amb l\u2019\u00fanica finalitat de fer m\u00e9s efica\u00e7 la navegaci\u00f3, i desapareixen a l\u2019acabar la sessi\u00f3 de l\u2019usuari. En cap cas s\u2019utilitzaran les cookies per a recollir informaci\u00f3 de car\u00e0cter personal. Per a m\u00e9s informaci\u00f3, veure la nostra Pol\u00edtica de Cookies.<\/p>\n<p><\/p>\n<p><\/p>\n<h2>5.- ENLLA\u00c7OS (LINKS)<\/h2>\n<p><\/p>\n<p><\/p>\n<p>Des del lloc web \u00e9s possible que es redirigeixi a continguts de terceres webs. Donat que des del web no podem controlar sempre els continguts introdu\u00efts pels tercers, TECNOLOGIA I DESENVOLUPAMENT DE SISTEMES S.L. no assumeix cap tipus de responsabilitat respecte a aquests continguts. En tot cas, el prestador manifesta que procedir\u00e0 a la retirada immediata de qualsevol contingut que pogu\u00e9s contravenir la legislaci\u00f3 nacional o internacional, la moral o l\u2019ordre p\u00fablic, procedint a la retirada immediata de la redirecci\u00f3 en aquestes webs, posant en coneixement de les autoritats competents el contingut en q\u00fcesti\u00f3.<\/p>\n<p><\/p>\n<p><\/p>\n<p>El prestador no es responsabilitza de la informaci\u00f3 i continguts emmagatzemats, a t\u00edtol enunciatiu per\u00f2 no limitant, en f\u00f2rums, xats, generadors de blogs, comentaris, xarxes socials, o qualsevol altre mitj\u00e0 que permeti a tercers publicar continguts de forma independent a la p\u00e0gina web del prestador. No obstant, i en compliment del que disposa l\u2019article 11 i 16 de la LSSICE, el prestador es posa a disposici\u00f3 de tots els usuaris, autoritats i forces de seguretat, i col\u00b7laborant de forma activa en la retirada o, quan sigui necessari, el bloqueig de tots aquells continguts que puguin afectar o contravenir la legislaci\u00f3 nacional, internacional, drets de tercers o la moral i l\u2019ordre p\u00fablic. En cas que l\u2019usuari consideri que pot existir algun contingut que pogu\u00e9s ser susceptible d\u2019aquesta classificaci\u00f3, es prega ho notifiqui de forma immediata a l\u2019administrador del lloc web.<\/p>\n<p><\/p>\n<p><\/p>\n<h2>6.- PROTECCI\u00d3 DE DADES PERSONALS<\/h2>\n<p><\/p>\n<p><\/p>\n<p>El prestador est\u00e0 profundament comprom\u00e8s amb el compliment de la normativa de protecci\u00f3 de dades personals i garanteix el compliment \u00edntegre de les obligacions disposades, aix\u00ed com la implementaci\u00f3 de les mesures de seguretat disposades al Reglament Europeu de Protecci\u00f3 de Dades i la normativa espanyola de protecci\u00f3 de dades. Per a m\u00e9s informaci\u00f3, veure la nostra Pol\u00edtica de Privacitat.<\/p>\n<p><\/p>\n<p><\/p>\n<h2>7. XARXES SOCIALS<\/h2>\n<p><\/p>\n<p><\/p>\n<p>L\u2019informem que TECNOLOGIA I DESENVOLUPAMENT DE SISTEMES S.L. pot estar present en xarxes socials. El tractament de les dades que els usuaris inclouen en les mateixes [fent-se seguidors del prestador n les xarxes socials (i\/o realitzant qualsevol vincle o acci\u00f3 de connexi\u00f3 a trav\u00e9s d\u2019aquestes)] es regir\u00e0 per aquest apartat, aix\u00ed com per les condicions d\u2019\u00fas, pol\u00edtiques de privacitat i normatives d\u2019acc\u00e9s i \u00fas de les xarxes socials en q\u00fcesti\u00f3 i acceptades pr\u00e8viament per l\u2019usuari. TECNOLOGIA I DESENVOLUPAMENT DE SISTEMES S.L. tractar\u00e0 les seves dades amb la finalitat d\u2019informar-lo de les activitats, productes o serveis del prestador a trav\u00e9s d\u2019aquestes xarxes socials, aix\u00ed com per a qualsevol altra finalitat que les normatives de les Xarxes Socials permetin, per\u00f2 no es far\u00e0 responsable de les seves pol\u00edtiques de privacitat.<\/p>\n<p><\/p>\n<p><\/p>\n<p>Queda prohibida la publicaci\u00f3 de continguts:<\/p>\n<p><\/p>\n<p><\/p>\n<p>\u2013 Que siguin presumptament il\u00b7l\u00edcits per la normativa nacional, comunit\u00e0ria o internacional o que realitzin activitats presumptament il\u00b7l\u00edcites o contravinguin els principis de la bona fe.<\/p>\n<p><\/p>\n<p><\/p>\n<p>\u2013 Que atemptin contra els drets fonamentals de les persones, faltin a la cortesia en la xarxa, molestin o puguin generar opinions negatives en els nostres usuaris o tercers i en general qualsevol siguin els continguts que TECNOLOGIA I DESENVOLUPAMENT DE SISTEMES S.L. consideri no apropiats.<\/p>\n<p><\/p>\n<p><\/p>\n<p>\u2013 I en general que contravinguin els principis de legalitat, responsabilitat, protecci\u00f3 de la dignitat humana, protecci\u00f3 de menors, protecci\u00f3 de l\u2019ordre p\u00fablic, la protecci\u00f3 de la vida privada, la protecci\u00f3 del consumidor<\/p>\n<p><\/p>\n<p><\/p>\n<p>i els drets de propietat intel\u00b7lectual i industrial.<\/p>\n<p><\/p>\n<p><\/p>\n<p>Aix\u00ed mateix, TECNOLOGIA I DESENVOLUPAMENT DE SISTEMES S.L. es reserva la potestat de retirar,<\/p>\n<p><\/p>\n<p><\/p>\n<p>sense previ av\u00eds del lloc web o de la xarxa social corporativa aquells continguts que es considerin no<\/p>\n<p><\/p>\n<p><\/p>\n<p>apropiats.<\/p>\n<p><\/p>\n<p><\/p>\n<h2>8. PROPIETAT INTEL\u00b7LECTUAL I INDUSTRIAL<\/h2>\n<p><\/p>\n<p><\/p>\n<p>El lloc web, incl\u00f2s a t\u00edtol enunciatiu per\u00f2 no limitatiu la programaci\u00f3, edici\u00f3, compilaci\u00f3 i altres elements necessaris pel seu funcionament, els dissenys, logotips, textos, fotografies i\/o gr\u00e0fiques s\u00f3n propietat del prestador o, en cas que fos necessari, disposa de la llic\u00e8ncia o autoritzaci\u00f3 expressa per part dels autors.<\/p>\n<p><\/p>\n<p><\/p>\n<p>Tots els continguts del lloc web es troben degudament protegits per la normativa de propietat intel\u00b7lectual i industrial.<\/p>\n<p><\/p>\n<p><\/p>\n<p>Independentment de la finalitat per la qual van ser destinats, la reproducci\u00f3 total o parcial, \u00fas, distribuci\u00f3 i comunicaci\u00f3 p\u00fablica requereixen l\u2019autoritzaci\u00f3 escrita pr\u00e8via per part del prestador.<\/p>\n<p><\/p>\n<p><\/p>\n<p>Qualsevol \u00fas no autoritzat pr\u00e8viament per part del prestador ser\u00e0 considerat un incompliment greu dels drets de propietat intel\u00b7lectual o industrial de l\u2019autor.<\/p>\n<p><\/p>\n<p><\/p>\n<p>Els dissenys, logotips, textos i\/o gr\u00e0fiques alienes al prestador i que puguin apar\u00e8ixer en el lloc web, pertanyen als seus respectius propietaris, sent ells mateixos els responsables de qualsevol possible controv\u00e8rsia que pugui apar\u00e8ixer respecte als mateixos.<\/p>\n<p><\/p>\n<p><\/p>\n<p>En tot cas, el prestador compta amb l\u2019autoritzaci\u00f3 expressa i pr\u00e8via per part dels mateixos.<\/p>\n<p><\/p>\n<p><\/p>\n<p>El prestador reconeix a favor dels seus titulars els corresponents drets de propietat industrial i intel\u00b7lectual, no implicant la menci\u00f3 o aparici\u00f3 en el lloc web, de l\u2019exist\u00e8ncia de drets o cap responsabilitat del prestador sobre els mateixos, com tampoc recolzament, patrocini o recomanaci\u00f3 per part del mateix.<\/p>\n<p><\/p>\n<p><\/p>\n<p>Per a realitzar qualsevol tipus d\u2019observaci\u00f3 respecte a possibles incompliments dels drets de propietat intel\u00b7lectual o industrial, aix\u00ed com sobre qualsevol dels continguts del lloc web, pot fer-ho a trav\u00e9s del correu electr\u00f2nic a dalt informat.<\/p>\n<p><\/p>\n<p><\/p>\n<h2>9.- LLEI APLICABLE I JURISDICCI\u00d3<\/h2>\n<p><\/p>\n<p><\/p>\n<p>Per a la resoluci\u00f3 de les controv\u00e8rsies o q\u00fcestions relacionades amb la present p\u00e0gina web o de les activitats en aquesta desenvolupades, ser\u00e0 d\u2019aplicaci\u00f3 la legislaci\u00f3 espanyola, a la que es sotmeten expressament les parts, sent competents per a la resoluci\u00f3 de tots els conflictes derivats o relacionats amb el seu \u00fas els Jutjats i Tribunals de Barcelona.<\/p>\n<p><\/p>\n\t\t\t\t\t\t\t\t<\/div>\n\t\t\t\t<\/div>\n\t\t\t\t\t<\/div>\n\t\t<\/div>\n\t\t\t\t\t<\/div>\n\t\t<\/section>\n\t\t\t\t<\/div>\n\t\t","protected":false},"excerpt":{"rendered":"<p>Amb la finalitat d\u2019acomplir a l\u2019article 10 de la Llei 34\/2002 de Serveis de la Societat de la Informaci\u00f3 i del Comer\u00e7 Electr\u00f2nic, informem els usuaris de les nostres dades: Denominaci\u00f3 Social: TECNOLOGIA I DESENVOLUPAMENT DE SISTEMES S.L. Domicili Social: C\/ Sant Joan 28 Baixos, 08301 Matar\u00f3, (Barcelona) NIF: B66583998 Tel\u00e8fon: 937550859 E-Mail: INFO@SISTICAT.CAT Lloc [&hellip;]<\/p>\n","protected":false},"author":1,"featured_media":0,"parent":0,"menu_order":0,"comment_status":"closed","ping_status":"closed","template":"","meta":{"footnotes":""},"class_list":["post-350","page","type-page","status-publish","hentry"],"_links":{"self":[{"href":"https:\/\/sisticat.cat\/es\/wp-json\/wp\/v2\/pages\/350","targetHints":{"allow":["GET"]}}],"collection":[{"href":"https:\/\/sisticat.cat\/es\/wp-json\/wp\/v2\/pages"}],"about":[{"href":"https:\/\/sisticat.cat\/es\/wp-json\/wp\/v2\/types\/page"}],"author":[{"embeddable":true,"href":"https:\/\/sisticat.cat\/es\/wp-json\/wp\/v2\/users\/1"}],"replies":[{"embeddable":true,"href":"https:\/\/sisticat.cat\/es\/wp-json\/wp\/v2\/comments?post=350"}],"version-history":[{"count":3,"href":"https:\/\/sisticat.cat\/es\/wp-json\/wp\/v2\/pages\/350\/revisions"}],"predecessor-version":[{"id":353,"href":"https:\/\/sisticat.cat\/es\/wp-json\/wp\/v2\/pages\/350\/revisions\/353"}],"wp:attachment":[{"href":"https:\/\/sisticat.cat\/es\/wp-json\/wp\/v2\/media?parent=350"}],"curies":[{"name":"wp","href":"https:\/\/api.w.org\/{rel}","templated":true}]}}